{"id":10223,"date":"2023-12-28T10:29:49","date_gmt":"2023-12-28T09:29:49","guid":{"rendered":"https:\/\/campings-vassiviere.com\/infos-und-kontakte\/"},"modified":"2024-06-11T12:20:39","modified_gmt":"2024-06-11T10:20:39","slug":"infos-und-kontakte","status":"publish","type":"page","link":"http:\/\/campings-vassiviere.com\/de\/infos-und-kontakte\/","title":{"rendered":"Informationen und Kontakte"},"content":{"rendered":"\n<div class=\"wp-block-group has-global-padding is-layout-constrained wp-container-core-group-is-layout-8d880995 wp-block-group-is-layout-constrained\" style=\"padding-top:var(--wp--preset--spacing--50);padding-bottom:var(--wp--preset--spacing--70)\">\n<div class=\"wp-block-columns gt-reversed-mobile is-layout-flex wp-container-core-columns-is-layout-28f84493 wp-block-columns-is-layout-flex\">\n<div class=\"wp-block-column is-layout-flow wp-block-column-is-layout-flow\" style=\"flex-basis:33.33%\">\n<div class=\"wp-block-group has-custom-bleu-fonc-color has-text-color has-link-color has-x-large-font-size wp-elements-e2ea43affa3230dba8d296ef98ea642f is-layout-flex wp-container-core-group-is-layout-a3a559bc wp-block-group-is-layout-flex\">\n<p class=\"has-bebas-neue-font-family has-x-large-font-size\" style=\"margin-top:0;margin-right:var(--wp--preset--spacing--40);margin-bottom:0\">Kontaktieren Sie uns<\/p>\n\n\n\n<p class=\"has-bebas-neue-font-family has-x-large-font-size\" style=\"margin-top:0;margin-right:var(--wp--preset--spacing--40);margin-bottom:0\">auf dem Campingplatz La<\/p>\n\n\n\n<p class=\"is-style-gt-short-background has-custom-blanc-color has-text-color has-link-color has-bebas-neue-font-family has-x-large-font-size wp-elements-64784b51a79781fdbb880e1fa2aea208\" style=\"margin-top:0;margin-right:var(--wp--preset--spacing--40);margin-bottom:0\">Halbinsel&#8230;<\/p>\n<\/div>\n\n\n\n<hr class=\"wp-block-separator has-alpha-channel-opacity\"\/>\n\n\n<\/div>\n\n\n\n<div class=\"wp-block-column is-vertically-aligned-center gt-reversed-mobile is-layout-flow wp-block-column-is-layout-flow\" style=\"flex-basis:66.66%\">\n<h2 class=\"wp-block-heading has-text-align-center\">Kontakt und Zugang  <\/h2>\n\n\n\n<p>Planen Sie einen unvergesslichen Aufenthalt in Creuse? Haben Sie vor der Buchung noch Fragen?  <\/p>\n\n\n\n<p>Sie k\u00f6nnen uns leicht \u00fcber unser <strong>Kontaktformular<\/strong>, telefonisch unter <strong>+33 (0)<\/strong><strong>5 55 64 78 98<\/strong> oder per E-Mail erreichen:<strong> <\/strong><strong>lapresquile.camping@gmail.com<\/strong>. Unser Team wird Ihnen gerne behilflich sein und daf\u00fcr sorgen, dass Ihr Aufenthalt bei uns so wird, wie Sie es sich vorgestellt haben und noch viel mehr.<\/p>\n\n\n\n<p>Unser Campingplatz Ushua\u00efa Villages <a href=\"https:\/\/campings-vassiviere.com\/de\/\">La Presqu&#8217;\u00eele<\/a> hat eine ideale Lage an folgender Adresse: <strong>Ushua\u00efa Villages La Presqu&#8217;\u00eele, Broussas, 23460 Royere-de-Vassiviere<\/strong>.  <\/p>\n\n\n\n<p>GPS-Koordinaten: <strong>Breitengrad 45.797134546616356 \/ L\u00e4ngengrad 1.8989207699059913<\/strong><\/p>\n\n\n\n<ul class=\"wp-block-list\">\n<li><strong>Von Paris aus :<\/strong><\/li>\n<\/ul>\n\n\n\n<p>Nehmen Sie die Autobahn A6 in Richtung Clermont-Ferrand (A71), dann weiter auf der A75 in Richtung Montpellier &#8211; Issoire. Folgen Sie dieser Autobahn bis zu Ihrer Ausfahrt nach Roy\u00e8re-de-Vassivi\u00e8re.<\/p>\n\n\n\n<ul class=\"wp-block-list\">\n<li><strong>Von Lyon :<\/strong><\/li>\n<\/ul>\n\n\n\n<p>Fahren Sie in Richtung Saint-\u00c9tienne und dann in Richtung Clermont-Ferrand. Danach fahren Sie auf der A75 in Richtung Montpellier &#8211; Issoire. Nehmen Sie die Ausfahrt Nr. 6 nach Plauzat und Champeix in Richtung Besse und Mont Dore. Setzen Sie dann Ihre Fahrt nach Roy\u00e8re-de-Vassivi\u00e8re fort.<\/p>\n\n\n\n<p>Wir freuen uns darauf, Sie in unserer Region willkommen zu hei\u00dfen und Ihnen all ihre Wunder zu zeigen.<\/p>\n\n\n\n<div class=\"wp-block-group has-global-padding is-layout-constrained wp-block-group-is-layout-constrained\">\n<div class=\"wp-block-contact-form-7-contact-form-selector formulaire-contact\">\n<div class=\"wpcf7 no-js\" id=\"wpcf7-f10211-o1\" lang=\"de-DE\" dir=\"ltr\" data-wpcf7-id=\"10211\">\n<div class=\"screen-reader-response\"><p role=\"status\" aria-live=\"polite\" aria-atomic=\"true\"><\/p> <ul><\/ul><\/div>\n<form action=\"\/de\/wp-json\/wp\/v2\/pages\/10223#wpcf7-f10211-o1\" method=\"post\" class=\"wpcf7-form init\" aria-label=\"Kontaktformular\" novalidate=\"novalidate\" data-status=\"init\">\n<div style=\"display: none;\">\n<input type=\"hidden\" name=\"_wpcf7\" value=\"10211\" \/>\n<input type=\"hidden\" name=\"_wpcf7_version\" value=\"6.0.6\" \/>\n<input type=\"hidden\" name=\"_wpcf7_locale\" value=\"de_DE\" \/>\n<input type=\"hidden\" name=\"_wpcf7_unit_tag\" value=\"wpcf7-f10211-o1\" \/>\n<input type=\"hidden\" name=\"_wpcf7_container_post\" value=\"0\" \/>\n<input type=\"hidden\" name=\"_wpcf7_posted_data_hash\" value=\"\" \/>\n<input type=\"hidden\" name=\"_wpcf7_recaptcha_response\" value=\"\" \/>\n<\/div>\n<p><label> Ihr Name<br \/>\n<span class=\"wpcf7-form-control-wrap\" data-name=\"your-name\"><input size=\"40\" maxlength=\"400\" class=\"wpcf7-form-control wpcf7-text wpcf7-validates-as-required\" autocomplete=\"name\" aria-required=\"true\" aria-invalid=\"false\" value=\"\" type=\"text\" name=\"your-name\" \/><\/span> <\/label>\n<\/p>\n<p><label> Ihre E-Mail-Adresse<br \/>\n<span class=\"wpcf7-form-control-wrap\" data-name=\"your-email\"><input size=\"40\" maxlength=\"400\" class=\"wpcf7-form-control wpcf7-email wpcf7-validates-as-required wpcf7-text wpcf7-validates-as-email\" autocomplete=\"email\" aria-required=\"true\" aria-invalid=\"false\" value=\"\" type=\"email\" name=\"your-email\" \/><\/span> <\/label>\n<\/p>\n<p><label> Objekt<br \/>\n<span class=\"wpcf7-form-control-wrap\" data-name=\"your-subject\"><input size=\"40\" maxlength=\"400\" class=\"wpcf7-form-control wpcf7-text wpcf7-validates-as-required\" aria-required=\"true\" aria-invalid=\"false\" value=\"\" type=\"text\" name=\"your-subject\" \/><\/span> <\/label>\n<\/p>\n<p><label> Ihre Nachricht<br \/>\n<span class=\"wpcf7-form-control-wrap\" data-name=\"your-message\"><textarea cols=\"40\" rows=\"10\" maxlength=\"2000\" class=\"wpcf7-form-control wpcf7-textarea\" aria-invalid=\"false\" name=\"your-message\"><\/textarea><\/span> <\/label>\n<\/p>\n<p><span class=\"wpcf7-form-control-wrap\" data-name=\"acceptance-553\"><span class=\"wpcf7-form-control wpcf7-acceptance\"><span class=\"wpcf7-list-item\"><label><input type=\"checkbox\" name=\"acceptance-553\" value=\"1\" aria-invalid=\"false\" \/><span class=\"wpcf7-list-item-label\">Indem ich dieses K\u00e4stchen anklicke, akzeptiere ich die <a href=\"\/de\/datenschutzerklarung\/\" rel=\"nofollow\" target=\"_blank\">Datenschutzbestimmungen<\/a> dieser Website.<\/span><\/label><\/span><\/span><\/span>\n<\/p>\n<p><input class=\"wpcf7-form-control wpcf7-submit has-spinner\" type=\"submit\" value=\"Senden\" \/>\n<\/p><div class=\"wpcf7-response-output\" aria-hidden=\"true\"><\/div>\n<\/form>\n<\/div>\n<\/div>\n<\/div>\n<\/div>\n<\/div>\n<\/div>\n\n<div class=\"wp-block-group has-global-padding is-layout-constrained wp-block-group-is-layout-constrained\" style=\"padding-top:var(--wp--preset--spacing--70);padding-bottom:var(--wp--preset--spacing--70)\">\n<p class=\"has-text-align-center has-large-font-size\">Entdecken Sie die Umgebung des Campingplatzes, unsere Mietunterk\u00fcnfte und unsere Stellpl\u00e4tze<\/p>\n\n\n\r\n<div \r\n     \r\n    class=\"gt-maillage-block\" \r\n    style=\"\"\r\n    data-row=\"3\"\r\n>\r\n\r\n    \r\n                \r\n        <article \r\n    class=\"align gt-cta gt-cta--page\"    style=\"\"\r\n>\r\n    <a href=\"http:\/\/campings-vassiviere.com\/de\/tourismus-camping-rives-olt-und-aubrac\/\" title=\"Die Umgebung vom Campingplatz La presqu&#8217;\u00eele\" class=\"gt-cta__link\">\r\n        <div \r\n            class=\"gt-cta__thumb\"\r\n            style=\"aspect-ratio:1\/1\"\r\n        >\r\n                            <img decoding=\"async\" width=\"800\" height=\"533\" src=\"http:\/\/campings-vassiviere.com\/wp-content\/uploads\/sites\/72\/2024\/02\/vers_le_puy_de_la_tache_c_pierre_soissons.jpg.webp\" class=\"attachment-full size-full wp-post-image\" alt=\"\" srcset=\"http:\/\/campings-vassiviere.com\/wp-content\/uploads\/sites\/72\/2024\/02\/vers_le_puy_de_la_tache_c_pierre_soissons.jpg.webp 800w, http:\/\/campings-vassiviere.com\/wp-content\/uploads\/sites\/72\/2024\/02\/vers_le_puy_de_la_tache_c_pierre_soissons.jpg-300x200.webp 300w, http:\/\/campings-vassiviere.com\/wp-content\/uploads\/sites\/72\/2024\/02\/vers_le_puy_de_la_tache_c_pierre_soissons.jpg-768x512.webp 768w\" sizes=\"(max-width: 800px) 100vw, 800px\" \/>                    <\/div>\r\n        <div class=\"gt-cta__content\">\r\n                            <div class=\"gt-cta__btn\">Entdecken Sie<\/div>\r\n                        <div class=\"gt-cta__title\">\r\n                Die Umgebung vom Campingplatz La presqu&#8217;\u00eele            <\/div>\r\n                    <\/div>\r\n    <\/a>\r\n<\/article>\r\n    \r\n        <article \r\n    class=\"align gt-cta gt-cta--page\"    style=\"\"\r\n>\r\n    <a href=\"http:\/\/campings-vassiviere.com\/de\/unsere-unterkunfte\/\" title=\"Unsere Unterk\u00fcnfte\" class=\"gt-cta__link\">\r\n        <div \r\n            class=\"gt-cta__thumb\"\r\n            style=\"aspect-ratio:1\/1\"\r\n        >\r\n                            <img decoding=\"async\" width=\"500\" height=\"375\" src=\"http:\/\/campings-vassiviere.com\/wp-content\/uploads\/sites\/72\/2024\/05\/image-4-2.jpg\" class=\"attachment-full size-full not-transparent wp-post-image\" alt=\"\" srcset=\"http:\/\/campings-vassiviere.com\/wp-content\/uploads\/sites\/72\/2024\/05\/image-4-2.jpg 500w, http:\/\/campings-vassiviere.com\/wp-content\/uploads\/sites\/72\/2024\/05\/image-4-2-300x225.jpg 300w\" sizes=\"(max-width: 500px) 100vw, 500px\" data-has-transparency=\"false\" data-dominant-color=\"687164\" style=\"--dominant-color: #687164;\" \/>                    <\/div>\r\n        <div class=\"gt-cta__content\">\r\n                            <div class=\"gt-cta__btn\">Entdecken Sie<\/div>\r\n                        <div class=\"gt-cta__title\">\r\n                Unsere Unterk\u00fcnfte            <\/div>\r\n                    <\/div>\r\n    <\/a>\r\n<\/article>\r\n    \r\n        <article \r\n    class=\"align gt-cta gt-cta--page\"    style=\"\"\r\n>\r\n    <a href=\"http:\/\/campings-vassiviere.com\/de\/unsere-standorte\/\" title=\"Unsere Standorte\" class=\"gt-cta__link\">\r\n        <div \r\n            class=\"gt-cta__thumb\"\r\n            style=\"aspect-ratio:1\/1\"\r\n        >\r\n                                            <img decoding=\"async\" width=\"2048\" height=\"1365\" src=\"http:\/\/campings-vassiviere.com\/wp-content\/uploads\/sites\/72\/2025\/02\/La-presqu-ile-18092024-33_0-scaled.jpg\" class=\"attachment-full size-full not-transparent\" alt=\"\" srcset=\"http:\/\/campings-vassiviere.com\/wp-content\/uploads\/sites\/72\/2025\/02\/La-presqu-ile-18092024-33_0-scaled.jpg 2048w, http:\/\/campings-vassiviere.com\/wp-content\/uploads\/sites\/72\/2025\/02\/La-presqu-ile-18092024-33_0-300x200.jpg 300w, http:\/\/campings-vassiviere.com\/wp-content\/uploads\/sites\/72\/2025\/02\/La-presqu-ile-18092024-33_0-1024x683.jpg 1024w, http:\/\/campings-vassiviere.com\/wp-content\/uploads\/sites\/72\/2025\/02\/La-presqu-ile-18092024-33_0-768x512.jpg 768w, http:\/\/campings-vassiviere.com\/wp-content\/uploads\/sites\/72\/2025\/02\/La-presqu-ile-18092024-33_0-1536x1024.jpg 1536w\" sizes=\"(max-width: 2048px) 100vw, 2048px\" data-has-transparency=\"false\" data-dominant-color=\"7b7659\" style=\"--dominant-color: #7b7659;\" \/>                    <\/div>\r\n        <div class=\"gt-cta__content\">\r\n                            <div class=\"gt-cta__btn\">Entdecken Sie<\/div>\r\n                        <div class=\"gt-cta__title\">\r\n                Unsere Standorte            <\/div>\r\n                    <\/div>\r\n    <\/a>\r\n<\/article>\r\n                \r\n<\/div><\/div>\n","protected":false},"excerpt":{"rendered":"<p>Kontaktieren Sie uns auf dem Campingplatz La Halbinsel&#8230; Kontakt und Zugang Planen Sie einen unvergesslichen Aufenthalt in Creuse? Haben Sie vor der Buchung noch Fragen? Sie k\u00f6nnen uns leicht \u00fcber unser Kontaktformular, telefonisch unter +33 (0)5 55 64 78 98 oder per E-Mail erreichen: lapresquile.camping@gmail.com. Unser Team wird Ihnen gerne behilflich sein und daf\u00fcr sorgen, [&hellip;]<\/p>\n","protected":false},"author":1,"featured_media":10224,"parent":0,"menu_order":20,"comment_status":"closed","ping_status":"closed","template":"","meta":{"_acf_changed":false,"footnotes":""},"class_list":["post-10223","page","type-page","status-publish","has-post-thumbnail","hentry"],"acf":[],"yoast_head":"<!-- This site is optimized with the Yoast SEO plugin v24.8.1 - https:\/\/yoast.com\/wordpress\/plugins\/seo\/ -->\n<title>Informationen und Kontakte - Ushua\u00efa Villages La Presqu&#039;\u00cele<\/title>\n<meta name=\"description\" content=\"Kontaktieren Sie uns bei Fragen und finden Sie die Wegbeschreibung zum Campingplatz La Presqu&#039;\u00cele.\" \/>\n<meta name=\"robots\" content=\"index, follow, max-snippet:-1, max-image-preview:large, max-video-preview:-1\" \/>\n<link rel=\"canonical\" href=\"http:\/\/campings-vassiviere.com\/de\/infos-und-kontakte\/\" \/>\n<meta property=\"og:locale\" content=\"de_DE\" \/>\n<meta property=\"og:type\" content=\"article\" \/>\n<meta property=\"og:title\" content=\"Informationen und Kontakte - Ushua\u00efa Villages La Presqu&#039;\u00cele\" \/>\n<meta property=\"og:description\" content=\"Kontaktieren Sie uns bei Fragen und finden Sie die Wegbeschreibung zum Campingplatz La Presqu&#039;\u00cele.\" \/>\n<meta property=\"og:url\" content=\"http:\/\/campings-vassiviere.com\/de\/infos-und-kontakte\/\" \/>\n<meta property=\"og:site_name\" content=\"Camping Ushua\u00efa Villages La Presqu \u00eele - Site Officiel - Meilleur Prix Garanti\" \/>\n<meta property=\"article:modified_time\" content=\"2024-06-11T10:20:39+00:00\" \/>\n<meta property=\"og:image\" content=\"http:\/\/campings-vassiviere.com\/wp-content\/uploads\/sites\/72\/2024\/04\/IMG-20240416-WA0038.jpg\" \/>\n\t<meta property=\"og:image:width\" content=\"1600\" \/>\n\t<meta property=\"og:image:height\" content=\"1200\" \/>\n\t<meta property=\"og:image:type\" content=\"image\/jpeg\" \/>\n<meta name=\"twitter:card\" content=\"summary_large_image\" \/>\n<meta name=\"twitter:label1\" content=\"Gesch\u00e4tzte Lesezeit\" \/>\n\t<meta name=\"twitter:data1\" content=\"1\u00a0Minute\" \/>\n<script type=\"application\/ld+json\" class=\"yoast-schema-graph\">{\"@context\":\"https:\/\/schema.org\",\"@graph\":[{\"@type\":\"WebPage\",\"@id\":\"http:\/\/campings-vassiviere.com\/de\/infos-und-kontakte\/\",\"url\":\"http:\/\/campings-vassiviere.com\/de\/infos-und-kontakte\/\",\"name\":\"Informationen und Kontakte - Ushua\u00efa Villages La Presqu'\u00cele\",\"isPartOf\":{\"@id\":\"https:\/\/campings-vassiviere.com\/de\/#website\"},\"primaryImageOfPage\":{\"@id\":\"http:\/\/campings-vassiviere.com\/de\/infos-und-kontakte\/#primaryimage\"},\"image\":{\"@id\":\"http:\/\/campings-vassiviere.com\/de\/infos-und-kontakte\/#primaryimage\"},\"thumbnailUrl\":\"http:\/\/campings-vassiviere.com\/wp-content\/uploads\/sites\/72\/2024\/04\/IMG-20240416-WA0038.jpg\",\"datePublished\":\"2023-12-28T09:29:49+00:00\",\"dateModified\":\"2024-06-11T10:20:39+00:00\",\"description\":\"Kontaktieren Sie uns bei Fragen und finden Sie die Wegbeschreibung zum Campingplatz La Presqu'\u00cele.\",\"breadcrumb\":{\"@id\":\"http:\/\/campings-vassiviere.com\/de\/infos-und-kontakte\/#breadcrumb\"},\"inLanguage\":\"de\",\"potentialAction\":[{\"@type\":\"ReadAction\",\"target\":[\"http:\/\/campings-vassiviere.com\/de\/infos-und-kontakte\/\"]}]},{\"@type\":\"ImageObject\",\"inLanguage\":\"de\",\"@id\":\"http:\/\/campings-vassiviere.com\/de\/infos-und-kontakte\/#primaryimage\",\"url\":\"http:\/\/campings-vassiviere.com\/wp-content\/uploads\/sites\/72\/2024\/04\/IMG-20240416-WA0038.jpg\",\"contentUrl\":\"http:\/\/campings-vassiviere.com\/wp-content\/uploads\/sites\/72\/2024\/04\/IMG-20240416-WA0038.jpg\",\"width\":1600,\"height\":1200},{\"@type\":\"BreadcrumbList\",\"@id\":\"http:\/\/campings-vassiviere.com\/de\/infos-und-kontakte\/#breadcrumb\",\"itemListElement\":[{\"@type\":\"ListItem\",\"position\":1,\"name\":\"Ushua\u00efa villages La Presqu'\u00eele\",\"item\":\"http:\/\/campings-vassiviere.com\/de\/\"},{\"@type\":\"ListItem\",\"position\":2,\"name\":\"Informationen und Kontakte\"}]},{\"@type\":\"WebSite\",\"@id\":\"https:\/\/campings-vassiviere.com\/de\/#website\",\"url\":\"https:\/\/campings-vassiviere.com\/de\/\",\"name\":\"Camping Ushua\u00efa Villages La Presqu \u00eele - Site Officiel - Meilleur Prix Garanti\",\"description\":\"\",\"publisher\":{\"@id\":\"https:\/\/campings-vassiviere.com\/de\/#organization\"},\"potentialAction\":[{\"@type\":\"SearchAction\",\"target\":{\"@type\":\"EntryPoint\",\"urlTemplate\":\"https:\/\/campings-vassiviere.com\/de\/?s={search_term_string}\"},\"query-input\":{\"@type\":\"PropertyValueSpecification\",\"valueRequired\":true,\"valueName\":\"search_term_string\"}}],\"inLanguage\":\"de\"},{\"@type\":\"Organization\",\"@id\":\"https:\/\/campings-vassiviere.com\/de\/#organization\",\"name\":\"Ushua\u00efa Villages - Rive d'Olte et d'Aubrac\",\"url\":\"https:\/\/campings-vassiviere.com\/de\/\",\"logo\":{\"@type\":\"ImageObject\",\"inLanguage\":\"de\",\"@id\":\"https:\/\/campings-vassiviere.com\/de\/#\/schema\/logo\/image\/\",\"url\":\"https:\/\/campings-vassiviere.com\/wp-content\/uploads\/sites\/72\/2024\/02\/ushuaia-village-bleu-logo.png\",\"contentUrl\":\"https:\/\/campings-vassiviere.com\/wp-content\/uploads\/sites\/72\/2024\/02\/ushuaia-village-bleu-logo.png\",\"width\":2028,\"height\":994,\"caption\":\"Ushua\u00efa Villages - Rive d'Olte et d'Aubrac\"},\"image\":{\"@id\":\"https:\/\/campings-vassiviere.com\/de\/#\/schema\/logo\/image\/\"}}]}<\/script>\n<!-- \/ Yoast SEO plugin. -->","yoast_head_json":{"title":"Informationen und Kontakte - Ushua\u00efa Villages La Presqu'\u00cele","description":"Kontaktieren Sie uns bei Fragen und finden Sie die Wegbeschreibung zum Campingplatz La Presqu'\u00cele.","robots":{"index":"index","follow":"follow","max-snippet":"max-snippet:-1","max-image-preview":"max-image-preview:large","max-video-preview":"max-video-preview:-1"},"canonical":"http:\/\/campings-vassiviere.com\/de\/infos-und-kontakte\/","og_locale":"de_DE","og_type":"article","og_title":"Informationen und Kontakte - Ushua\u00efa Villages La Presqu'\u00cele","og_description":"Kontaktieren Sie uns bei Fragen und finden Sie die Wegbeschreibung zum Campingplatz La Presqu'\u00cele.","og_url":"http:\/\/campings-vassiviere.com\/de\/infos-und-kontakte\/","og_site_name":"Camping Ushua\u00efa Villages La Presqu \u00eele - Site Officiel - Meilleur Prix Garanti","article_modified_time":"2024-06-11T10:20:39+00:00","og_image":[{"width":1600,"height":1200,"url":"http:\/\/campings-vassiviere.com\/wp-content\/uploads\/sites\/72\/2024\/04\/IMG-20240416-WA0038.jpg","type":"image\/jpeg"}],"twitter_card":"summary_large_image","twitter_misc":{"Gesch\u00e4tzte Lesezeit":"1\u00a0Minute"},"schema":{"@context":"https:\/\/schema.org","@graph":[{"@type":"WebPage","@id":"http:\/\/campings-vassiviere.com\/de\/infos-und-kontakte\/","url":"http:\/\/campings-vassiviere.com\/de\/infos-und-kontakte\/","name":"Informationen und Kontakte - Ushua\u00efa Villages La Presqu'\u00cele","isPartOf":{"@id":"https:\/\/campings-vassiviere.com\/de\/#website"},"primaryImageOfPage":{"@id":"http:\/\/campings-vassiviere.com\/de\/infos-und-kontakte\/#primaryimage"},"image":{"@id":"http:\/\/campings-vassiviere.com\/de\/infos-und-kontakte\/#primaryimage"},"thumbnailUrl":"http:\/\/campings-vassiviere.com\/wp-content\/uploads\/sites\/72\/2024\/04\/IMG-20240416-WA0038.jpg","datePublished":"2023-12-28T09:29:49+00:00","dateModified":"2024-06-11T10:20:39+00:00","description":"Kontaktieren Sie uns bei Fragen und finden Sie die Wegbeschreibung zum Campingplatz La Presqu'\u00cele.","breadcrumb":{"@id":"http:\/\/campings-vassiviere.com\/de\/infos-und-kontakte\/#breadcrumb"},"inLanguage":"de","potentialAction":[{"@type":"ReadAction","target":["http:\/\/campings-vassiviere.com\/de\/infos-und-kontakte\/"]}]},{"@type":"ImageObject","inLanguage":"de","@id":"http:\/\/campings-vassiviere.com\/de\/infos-und-kontakte\/#primaryimage","url":"http:\/\/campings-vassiviere.com\/wp-content\/uploads\/sites\/72\/2024\/04\/IMG-20240416-WA0038.jpg","contentUrl":"http:\/\/campings-vassiviere.com\/wp-content\/uploads\/sites\/72\/2024\/04\/IMG-20240416-WA0038.jpg","width":1600,"height":1200},{"@type":"BreadcrumbList","@id":"http:\/\/campings-vassiviere.com\/de\/infos-und-kontakte\/#breadcrumb","itemListElement":[{"@type":"ListItem","position":1,"name":"Ushua\u00efa villages La Presqu'\u00eele","item":"http:\/\/campings-vassiviere.com\/de\/"},{"@type":"ListItem","position":2,"name":"Informationen und Kontakte"}]},{"@type":"WebSite","@id":"https:\/\/campings-vassiviere.com\/de\/#website","url":"https:\/\/campings-vassiviere.com\/de\/","name":"Camping Ushua\u00efa Villages La Presqu \u00eele - Site Officiel - Meilleur Prix Garanti","description":"","publisher":{"@id":"https:\/\/campings-vassiviere.com\/de\/#organization"},"potentialAction":[{"@type":"SearchAction","target":{"@type":"EntryPoint","urlTemplate":"https:\/\/campings-vassiviere.com\/de\/?s={search_term_string}"},"query-input":{"@type":"PropertyValueSpecification","valueRequired":true,"valueName":"search_term_string"}}],"inLanguage":"de"},{"@type":"Organization","@id":"https:\/\/campings-vassiviere.com\/de\/#organization","name":"Ushua\u00efa Villages - Rive d'Olte et d'Aubrac","url":"https:\/\/campings-vassiviere.com\/de\/","logo":{"@type":"ImageObject","inLanguage":"de","@id":"https:\/\/campings-vassiviere.com\/de\/#\/schema\/logo\/image\/","url":"https:\/\/campings-vassiviere.com\/wp-content\/uploads\/sites\/72\/2024\/02\/ushuaia-village-bleu-logo.png","contentUrl":"https:\/\/campings-vassiviere.com\/wp-content\/uploads\/sites\/72\/2024\/02\/ushuaia-village-bleu-logo.png","width":2028,"height":994,"caption":"Ushua\u00efa Villages - Rive d'Olte et d'Aubrac"},"image":{"@id":"https:\/\/campings-vassiviere.com\/de\/#\/schema\/logo\/image\/"}}]}},"_links":{"self":[{"href":"http:\/\/campings-vassiviere.com\/de\/wp-json\/wp\/v2\/pages\/10223","targetHints":{"allow":["GET"]}}],"collection":[{"href":"http:\/\/campings-vassiviere.com\/de\/wp-json\/wp\/v2\/pages"}],"about":[{"href":"http:\/\/campings-vassiviere.com\/de\/wp-json\/wp\/v2\/types\/page"}],"author":[{"embeddable":true,"href":"http:\/\/campings-vassiviere.com\/de\/wp-json\/wp\/v2\/users\/1"}],"replies":[{"embeddable":true,"href":"http:\/\/campings-vassiviere.com\/de\/wp-json\/wp\/v2\/comments?post=10223"}],"version-history":[{"count":1,"href":"http:\/\/campings-vassiviere.com\/de\/wp-json\/wp\/v2\/pages\/10223\/revisions"}],"predecessor-version":[{"id":10225,"href":"http:\/\/campings-vassiviere.com\/de\/wp-json\/wp\/v2\/pages\/10223\/revisions\/10225"}],"wp:featuredmedia":[{"embeddable":true,"href":"http:\/\/campings-vassiviere.com\/de\/wp-json\/wp\/v2\/media\/10224"}],"wp:attachment":[{"href":"http:\/\/campings-vassiviere.com\/de\/wp-json\/wp\/v2\/media?parent=10223"}],"curies":[{"name":"wp","href":"https:\/\/api.w.org\/{rel}","templated":true}]}}