{"id":10213,"date":"2023-12-28T10:30:53","date_gmt":"2023-12-28T09:30:53","guid":{"rendered":"https:\/\/campings-vassiviere.com\/datenschutzerklarung\/"},"modified":"2024-06-11T12:24:40","modified_gmt":"2024-06-11T10:24:40","slug":"datenschutzerklarung","status":"publish","type":"page","link":"https:\/\/campings-vassiviere.com\/de\/datenschutzerklarung\/","title":{"rendered":"Unsere Datenschutzerkl\u00e4rung"},"content":{"rendered":"\n<div class=\"wp-block-group has-global-padding is-layout-constrained wp-container-core-group-is-layout-9ff30091 wp-block-group-is-layout-constrained\" style=\"margin-top:var(--wp--preset--spacing--80);margin-bottom:var(--wp--preset--spacing--80);padding-top:var(--wp--preset--spacing--60);padding-bottom:var(--wp--preset--spacing--60)\">\n<p>Diese Datenschutzrichtlinie beschreibt die pers\u00f6nlichen Daten, die gesammelt oder generiert (verarbeitet) werden, wenn Sie die Website nutzen. Diese Datenschutzrichtlinie beschreibt die Arten von pers\u00f6nlichen Daten, die gesammelt werden, wenn Sie unsere Website nutzen, und wie Ihre pers\u00f6nlichen Daten verwendet, weitergegeben und gesch\u00fctzt werden. Sie erkl\u00e4rt auch, welche Wahlm\u00f6glichkeiten Sie in Bezug auf Ihre pers\u00f6nlichen Daten haben und wie Sie uns kontaktieren k\u00f6nnen.<\/p>\n\n\n\n<h2 class=\"wp-block-heading\">Inhaltsverzeichnis<\/h2>\n\n\n\n<ul class=\"wp-block-list\">\n<li><a href=\"https:\/\/campings-vassiviere.com\/de\/datenschutzerklarung\/#gdpr-1\">Wer sind wir?<\/a><\/li>\n\n\n\n<li><a href=\"https:\/\/campings-vassiviere.com\/de\/datenschutzerklarung\/#gdpr-2\">Verwendung der gesammelten pers\u00f6nlichen Daten<\/a><\/li>\n\n\n\n<li><a href=\"https:\/\/campings-vassiviere.com\/de\/datenschutzerklarung\/#gdpr-3\">Kommentare<\/a><\/li>\n\n\n\n<li><a href=\"https:\/\/campings-vassiviere.com\/de\/datenschutzerklarung\/#gdpr-4\">Medien<\/a><\/li>\n\n\n\n<li><a href=\"https:\/\/campings-vassiviere.com\/de\/datenschutzerklarung\/#gdpr-5\">Kontaktformulare<\/a><\/li>\n\n\n\n<li><a href=\"https:\/\/campings-vassiviere.com\/de\/datenschutzerklarung\/#gdpr-6\">Verwendung von Cookies<\/a><\/li>\n\n\n\n<li><a href=\"https:\/\/campings-vassiviere.com\/de\/datenschutzerklarung\/#gdpr-7\">Statistiken und Messung des Publikums<\/a><\/li>\n\n\n\n<li><a href=\"https:\/\/campings-vassiviere.com\/de\/datenschutzerklarung\/#gdpr-8\">Dauer der Speicherung Ihrer Daten<\/a><\/li>\n\n\n\n<li><a href=\"https:\/\/campings-vassiviere.com\/de\/datenschutzerklarung\/#gdpr-9\">Die Rechte, die Sie \u00fcber Ihre Daten haben<\/a><\/li>\n\n\n\n<li><a href=\"https:\/\/campings-vassiviere.com\/de\/datenschutzerklarung\/#gdpr-10\">\u00dcbermittlung Ihrer pers\u00f6nlichen Daten<\/a><\/li>\n\n\n\n<li><a href=\"https:\/\/campings-vassiviere.com\/de\/datenschutzerklarung\/#gdpr-11\">Wie wir Ihre Daten sch\u00fctzen<\/a><\/li>\n\n\n\n<li><a href=\"https:\/\/campings-vassiviere.com\/de\/datenschutzerklarung\/#gdpr-12\">Kontaktinformationen<\/a><\/li>\n<\/ul>\n\n\n\n<h2 class=\"wp-block-heading\" id=\"gdpr-1\">Wer sind wir?<\/h2>\n\n\n\n<p>Entdecken Sie alle unsere Informationen auf der Seite <a href=\"https:\/\/campings-vassiviere.com\/de\/legalitatsvermerke\/\">Rechtliche Hinweise<\/a>.<\/p>\n\n\n\n<h2 class=\"wp-block-heading\" id=\"gdpr-2\">Verwendung der gesammelten pers\u00f6nlichen Daten<\/h2>\n\n\n\n<p>Wir sammeln automatisch und direkt keine Daten \u00fcber Sie.<\/p>\n\n\n\n<p>Dessen ungeachtet k\u00f6nnen wir Informationen, einschlie\u00dflich pers\u00f6nlicher Informationen, von Dritten sammeln (siehe Abschnitt <a href=\"https:\/\/campings-vassiviere.com\/de\/datenschutzerklarung\/#gdpr-5\">Cookies<\/a>).<\/p>\n\n\n\n<h2 class=\"wp-block-heading\" id=\"gdpr-3\">Kommentare<\/h2>\n\n\n\n<p>Wenn Sie einen Kommentar auf der Website unseres Campingplatzes hinterlassen, werden die Daten, die Sie in das Kommentarformular eingeben, sowie Ihre IP-Adresse und der User Agent Ihres Browsers gesammelt, um uns bei der Erkennung von unerw\u00fcnschten Kommentaren zu helfen.<\/p>\n\n\n\n<p>Eine anonymisierte Zeichenfolge, die aus Ihrer E-Mail-Adresse erstellt wird (auch Hash genannt), kann an den Gravatar-Service gesendet werden, um zu \u00fcberpr\u00fcfen, ob Sie diesen Service nutzen. Die Datenschutzbestimmungen f\u00fcr den Gravatar-Service finden Sie unter https:\/\/automattic.com\/privacy\/. Nachdem Sie Ihren Kommentar freigegeben haben, wird Ihr Profilbild neben Ihrem Kommentar \u00f6ffentlich sichtbar.<\/p>\n\n\n\n<h2 class=\"wp-block-heading\" id=\"gdpr-4\">Medien<\/h2>\n\n\n\n<p>Wenn Sie ein registrierter Nutzer sind und Bilder auf die Website hochladen, empfehlen wir Ihnen, keine Bilder hochzuladen, die EXIF-Daten von GPS-Koordinaten enthalten. Die Besucher Ihrer Website k\u00f6nnen Standortdaten von diesen Bildern herunterladen und extrahieren.<\/p>\n\n\n\n<h2 class=\"wp-block-heading\" id=\"gdpr-5\">Kontaktformulare<\/h2>\n\n\n\n<p>Sie k\u00f6nnen uns Informationen zur Verf\u00fcgung stellen, wenn Sie ein Formular ausf\u00fcllen. Diese Informationen werden per E-Mail an uns weitergeleitet und nur in unserem E-Mail-Service gespeichert. Wenn die Informationen zu kommerziellen Zwecken verwendet werden k\u00f6nnen, wird dies am Ende des Formulars angegeben. Wir werden immer Ihre Zustimmung einholen, wenn wir Informationen \u00fcber ein Formular sammeln.<\/p>\n\n\n\n<h2 class=\"wp-block-heading\" id=\"gdpr-6\">Verwendung von Cookies<\/h2>\n\n\n\n<p><strong>Was ist ein Cookie?<\/strong><br\/>Ein Cookie ist eine kleine Datendatei, die auf Ihr Ger\u00e4t \u00fcbertragen und dort gespeichert wird. Ein Cookie erm\u00f6glicht es uns zum Beispiel, Ihren Browser und Ihre Sprache zu erkennen oder Ihre Pr\u00e4ferenzen zu speichern.<br\/>Auf unserer Website werden zwei Arten von Cookies verwendet: &#8220;Sitzungscookies&#8221; und &#8220;dauerhafte Cookies&#8221;. Sitzungscookies verfallen, wenn Sie Ihren Browser schlie\u00dfen, w\u00e4hrend dauerhafte Cookies auf Ihrem Ger\u00e4t verbleiben, nachdem Sie Ihren Browser geschlossen haben, und bei Ihrem n\u00e4chsten Besuch auf unserer Website wieder verwendet werden k\u00f6nnen.<\/p>\n\n\n\n<p>Weitere Informationen finden Sie unter <a href=\"https:\/\/allaboutcookies.org\/fr\" rel=\"noreferrer noopener\" target=\"_blank\">allaboutcookies.org<\/a>.<\/p>\n\n\n\n<p><strong>Unsere Cookies<\/strong><\/p>\n\n\n\n<p>Wenn Sie einen Kommentar auf unserer Website abgeben, wird Ihnen angeboten, Ihren Namen, Ihre E-Mail-Adresse und Ihre Website in Cookies zu speichern. Dies ist nur zu Ihrer Bequemlichkeit, damit Sie diese Informationen nicht eingeben m\u00fcssen, wenn Sie sp\u00e4ter einen weiteren Kommentar abgeben. Diese Cookies laufen nach einem Jahr ab.<\/p>\n\n\n\n<p>Wenn Sie ein Konto haben und sich auf dieser Website anmelden, wird ein tempor\u00e4res Cookie erstellt, um festzustellen, ob Ihr Browser Cookies akzeptiert. Sie enth\u00e4lt keine pers\u00f6nlichen Daten und wird automatisch gel\u00f6scht, wenn Sie Ihren Browser schlie\u00dfen.<\/p>\n\n\n\n<p>Wenn Sie sich einloggen, werden wir eine Reihe von Cookies setzen, um Ihre Anmeldeinformationen und Bildschirmeinstellungen zu speichern. Die Lebensdauer eines Verbindungs-Cookies betr\u00e4gt zwei Tage, die eines Bildschirmoptions-Cookies ein Jahr. Wenn Sie &#8220;An mich erinnern&#8221; ankreuzen, wird Ihr Anmelde-Cookie zwei Wochen lang gespeichert. Wenn Sie sich von Ihrem Konto abmelden, wird der Anmelde-Cookie gel\u00f6scht.<\/p>\n\n\n\n<p>Wenn Sie einen Artikel bearbeiten oder ver\u00f6ffentlichen, wird ein zus\u00e4tzliches Cookie in Ihrem Browser gespeichert. Dieses Cookie enth\u00e4lt keine pers\u00f6nlichen Daten. Er zeigt lediglich die ID des Artikels an, den Sie gerade ge\u00e4ndert haben. Er l\u00e4uft nach einem Tag ab.<\/p>\n\n\n\n<p><strong>Cookies von Dritten<\/strong><\/p>\n\n\n\n<p>Die Artikel auf dieser Website k\u00f6nnen eingebettete Inhalte enthalten (z.B. Videos, Bilder, Artikel&#8230;). Inhalte, die von anderen Websites eingebunden werden, verhalten sich so, als ob der Besucher diese andere Website besuchen w\u00fcrde.<\/p>\n\n\n\n<p>Diese Webseiten k\u00f6nnen Daten \u00fcber Sie sammeln, Cookies verwenden, Tracking-Tools von Dritten einbetten und Ihre Interaktionen mit diesen eingebetteten Inhalten verfolgen, wenn Sie ein angemeldetes Konto auf ihrer Webseite haben.<\/p>\n\n\n\n<p>Wir k\u00f6nnen bestimmten Gesch\u00e4ftspartnern gestatten, Technologien auf unserer Website zu installieren. Diese Partner setzen diese Technologien ein, um uns bei der Analyse Ihrer Nutzung der Website zu unterst\u00fctzen, z. B. durch die Erfassung der Dienste Dritter, \u00fcber die Sie auf die Plattform gelangt sind, um unsere Dienste auf unserer Website und auf den Websites Dritter zu vermarkten und zu bewerben, um uns bei der Erkennung und Verhinderung von Betrug oder der Durchf\u00fchrung von Risikobewertungen zu unterst\u00fctzen oder um Informationen \u00fcber Ihre Aktivit\u00e4ten auf der Website zu sammeln.<\/p>\n\n\n\n<p>Unsere Website kann Social Plugins verwenden, die von Drittunternehmen bereitgestellt und betrieben werden, wie z.B. die &#8220;Gef\u00e4llt mir&#8221;-Schaltfl\u00e4che von Facebook. Dementsprechend k\u00f6nnen Sie Informationen, die Sie in einem bestimmten Abschnitt unserer Website sehen, an den Dritten senden. Wenn Sie nicht in Ihr Konto bei der Drittpartei eingeloggt sind, kann die Drittpartei Ihre Identit\u00e4t nicht feststellen. Wenn Sie mit Ihrem Konto bei der Drittpartei verbunden sind, kann die Drittpartei die Informationen oder Aktionen, die sich auf Ihre Interaktionen mit unserer Website beziehen, mit dem Konto, das Sie bei der Drittpartei haben, verbinden. Bitte lesen Sie die Datenschutzrichtlinien der Drittpartei, um mehr \u00fcber deren Datenpraktiken zu erfahren.<\/p>\n\n\n\n<p>Die Liste der Cookies von Drittanbietern, die auf dieser Website verwendet werden, ist \u00fcber das <a href=\"\/#moove_gdpr_cookie_modal\">Cookie-Management-Panel<\/a> verf\u00fcgbar.<\/p>\n\n\n\n<h2 class=\"wp-block-heading\" id=\"gdpr-7\">Statistiken und Messung des Publikums<\/h2>\n\n\n\n<p>Im Bereich der Analyse arbeiten wir mit Google Analytics, um Informationen \u00fcber die Nutzung unserer Website zu erhalten und diese zu verbessern. Dies kann \u00fcber den Bereich &#8221; <a href=\"\/#moove_gdpr_cookie_modal\">Cookies<\/a>&#8221; deaktiviert werden.<\/p>\n\n\n\n<p>Um zu verhindern, dass Google Analytics Ihre Daten zu Analysezwecken verwendet, k\u00f6nnen Sie auch das Browser-Add-on zur Deaktivierung von Google Analytics installieren, indem Sie <a href=\"https:\/\/tools.google.com\/dlpage\/gaoptout\" rel=\"noreferrer noopener\" target=\"_blank\">hier<\/a> klicken. Bitte beachten Sie, dass wir keine Kontrolle \u00fcber diesen Deaktivierungslink haben und wir nicht f\u00fcr die Verf\u00fcgbarkeit oder Genauigkeit dieses Mechanismus verantwortlich sind. Lesen Sie <a href=\"https:\/\/support.google.com\/analytics\/answer\/6004245\" rel=\"noreferrer noopener\" target=\"_blank\">diese Dokumentation<\/a> f\u00fcr weitere Informationen.<\/p>\n\n\n\n<h2 class=\"wp-block-heading\" id=\"gdpr-8\">Dauer der Speicherung Ihrer Daten<\/h2>\n\n\n\n<p>Wenn Sie einen Kommentar hinterlassen, werden der Kommentar und seine Metadaten auf unbestimmte Zeit gespeichert. Dies erm\u00f6glicht es, nachfolgende Kommentare automatisch zu erkennen und zu genehmigen, anstatt sie in der Moderationswarteschlange zu belassen.<\/p>\n\n\n\n<p>F\u00fcr Nutzer, die sich auf unserer Website registrieren (sofern dies m\u00f6glich ist), speichern wir auch die pers\u00f6nlichen Daten, die in ihrem Profil angegeben sind. Alle Nutzer k\u00f6nnen ihre pers\u00f6nlichen Informationen jederzeit einsehen, \u00e4ndern oder l\u00f6schen (mit Ausnahme ihres Benutzernamens). Die Verwalter der Website k\u00f6nnen diese Informationen ebenfalls einsehen und \u00e4ndern.<\/p>\n\n\n\n<h2 class=\"wp-block-heading\" id=\"gdpr-9\">Die Rechte, die Sie \u00fcber Ihre Daten haben<\/h2>\n\n\n\n<p>Wenn Sie ein Konto haben oder Kommentare auf der Website hinterlassen haben, k\u00f6nnen Sie eine Datei anfordern, die alle pers\u00f6nlichen Daten enth\u00e4lt, die wir \u00fcber Sie gespeichert haben, einschlie\u00dflich der Daten, die Sie uns zur Verf\u00fcgung gestellt haben. Sie k\u00f6nnen auch die L\u00f6schung Ihrer pers\u00f6nlichen Daten verlangen. Dies gilt nicht f\u00fcr Daten, die f\u00fcr administrative oder gesetzliche Zwecke oder aus Sicherheitsgr\u00fcnden gespeichert werden.<\/p>\n\n\n\n<h2 class=\"wp-block-heading\" id=\"gdpr-10\">\u00dcbermittlung Ihrer pers\u00f6nlichen Daten<\/h2>\n\n\n\n<p>Die Kommentare der Besucher k\u00f6nnen mit Hilfe eines automatisierten Dienstes zur Erkennung unerw\u00fcnschter Kommentare \u00fcberpr\u00fcft werden.<br\/>Alle pers\u00f6nlichen Daten, die wir verarbeiten, werden im Herzen der Europ\u00e4ischen Union verarbeitet.<\/p>\n\n\n\n<h2 class=\"wp-block-heading\" id=\"gdpr-11\">Wie wir Ihre Daten sch\u00fctzen<\/h2>\n\n\n\n<p>Wir implementieren und aktualisieren st\u00e4ndig die <strong>Sicherheit<\/strong> der Website, um Ihre Informationen vor unberechtigtem Zugriff, Verlust, Zerst\u00f6rung oder \u00c4nderung zu sch\u00fctzen. Wir arbeiten daran, Ihre Daten so unverwundbar wie m\u00f6glich zu machen. Da das Internet keine 100%ig sichere Umgebung ist, k\u00f6nnen wir die Sicherheit der \u00dcbertragung oder Speicherung Ihrer Informationen nicht vollst\u00e4ndig garantieren.<\/p>\n\n\n\n<h2 class=\"wp-block-heading\" id=\"gdpr-12\">Kontaktinformationen<\/h2>\n\n\n\n<p>Wenn Sie eine Anfrage oder Frage zu Ihren pers\u00f6nlichen Daten haben, kontaktieren Sie uns bitte unter rgpd@geek-tonic.com, weitere Kontaktinformationen finden Sie in unserem <a href=\"https:\/\/campings-vassiviere.com\/de\/legalitatsvermerke\/\">Impressum<\/a>. Bitte beachten Sie, dass wir Sie m\u00f6glicherweise bitten, Ihre Identit\u00e4t zu \u00fcberpr\u00fcfen, bevor wir weitere Schritte in Bezug auf Ihren Antrag unternehmen.<\/p>\n<\/div>\n","protected":false},"excerpt":{"rendered":"<p>Diese Datenschutzrichtlinie beschreibt die pers\u00f6nlichen Daten, die gesammelt oder generiert (verarbeitet) werden, wenn Sie die Website nutzen. Diese Datenschutzrichtlinie beschreibt die Arten von pers\u00f6nlichen Daten, die gesammelt werden, wenn Sie unsere Website nutzen, und wie Ihre pers\u00f6nlichen Daten verwendet, weitergegeben und gesch\u00fctzt werden. Sie erkl\u00e4rt auch, welche Wahlm\u00f6glichkeiten Sie in Bezug auf Ihre pers\u00f6nlichen Daten [&hellip;]<\/p>\n","protected":false},"author":1,"featured_media":10214,"parent":0,"menu_order":41,"comment_status":"closed","ping_status":"closed","template":"","meta":{"_acf_changed":false,"footnotes":""},"class_list":["post-10213","page","type-page","status-publish","has-post-thumbnail","hentry"],"acf":[],"yoast_head":"<!-- This site is optimized with the Yoast SEO plugin v24.8.1 - https:\/\/yoast.com\/wordpress\/plugins\/seo\/ -->\n<title>Unsere Datenschutzerkl\u00e4rung - Camping Ushua\u00efa Villages La Presqu \u00eele - Site Officiel - Meilleur Prix Garanti<\/title>\n<meta name=\"robots\" content=\"noindex, nofollow\" \/>\n<meta property=\"og:locale\" content=\"de_DE\" \/>\n<meta property=\"og:type\" content=\"article\" \/>\n<meta property=\"og:title\" content=\"Unsere Datenschutzerkl\u00e4rung - Camping Ushua\u00efa Villages La Presqu \u00eele - Site Officiel - Meilleur Prix Garanti\" \/>\n<meta property=\"og:description\" content=\"Diese Datenschutzrichtlinie beschreibt die pers\u00f6nlichen Daten, die gesammelt oder generiert (verarbeitet) werden, wenn Sie die Website nutzen. Diese Datenschutzrichtlinie beschreibt die Arten von pers\u00f6nlichen Daten, die gesammelt werden, wenn Sie unsere Website nutzen, und wie Ihre pers\u00f6nlichen Daten verwendet, weitergegeben und gesch\u00fctzt werden. Sie erkl\u00e4rt auch, welche Wahlm\u00f6glichkeiten Sie in Bezug auf Ihre pers\u00f6nlichen Daten [&hellip;]\" \/>\n<meta property=\"og:url\" content=\"https:\/\/campings-vassiviere.com\/de\/datenschutzerklarung\/\" \/>\n<meta property=\"og:site_name\" content=\"Camping Ushua\u00efa Villages La Presqu \u00eele - Site Officiel - Meilleur Prix Garanti\" \/>\n<meta property=\"article:modified_time\" content=\"2024-06-11T10:24:40+00:00\" \/>\n<meta property=\"og:image\" content=\"http:\/\/campings-vassiviere.com\/wp-content\/uploads\/sites\/72\/2024\/05\/20150616_122432-scaled.jpg\" \/>\n\t<meta property=\"og:image:width\" content=\"2048\" \/>\n\t<meta property=\"og:image:height\" content=\"1152\" \/>\n\t<meta property=\"og:image:type\" content=\"image\/jpeg\" \/>\n<meta name=\"twitter:card\" content=\"summary_large_image\" \/>\n<meta name=\"twitter:label1\" content=\"Gesch\u00e4tzte Lesezeit\" \/>\n\t<meta name=\"twitter:data1\" content=\"7\u00a0Minuten\" \/>\n<script type=\"application\/ld+json\" class=\"yoast-schema-graph\">{\"@context\":\"https:\/\/schema.org\",\"@graph\":[{\"@type\":\"WebPage\",\"@id\":\"https:\/\/campings-vassiviere.com\/de\/datenschutzerklarung\/\",\"url\":\"https:\/\/campings-vassiviere.com\/de\/datenschutzerklarung\/\",\"name\":\"Unsere Datenschutzerkl\u00e4rung - Camping Ushua\u00efa Villages La Presqu \u00eele - Site Officiel - Meilleur Prix Garanti\",\"isPartOf\":{\"@id\":\"https:\/\/campings-vassiviere.com\/de\/#website\"},\"primaryImageOfPage\":{\"@id\":\"https:\/\/campings-vassiviere.com\/de\/datenschutzerklarung\/#primaryimage\"},\"image\":{\"@id\":\"https:\/\/campings-vassiviere.com\/de\/datenschutzerklarung\/#primaryimage\"},\"thumbnailUrl\":\"https:\/\/campings-vassiviere.com\/wp-content\/uploads\/sites\/72\/2024\/05\/20150616_122432-scaled.jpg\",\"datePublished\":\"2023-12-28T09:30:53+00:00\",\"dateModified\":\"2024-06-11T10:24:40+00:00\",\"breadcrumb\":{\"@id\":\"https:\/\/campings-vassiviere.com\/de\/datenschutzerklarung\/#breadcrumb\"},\"inLanguage\":\"de\",\"potentialAction\":[{\"@type\":\"ReadAction\",\"target\":[\"https:\/\/campings-vassiviere.com\/de\/datenschutzerklarung\/\"]}]},{\"@type\":\"ImageObject\",\"inLanguage\":\"de\",\"@id\":\"https:\/\/campings-vassiviere.com\/de\/datenschutzerklarung\/#primaryimage\",\"url\":\"https:\/\/campings-vassiviere.com\/wp-content\/uploads\/sites\/72\/2024\/05\/20150616_122432-scaled.jpg\",\"contentUrl\":\"https:\/\/campings-vassiviere.com\/wp-content\/uploads\/sites\/72\/2024\/05\/20150616_122432-scaled.jpg\",\"width\":2048,\"height\":1152},{\"@type\":\"BreadcrumbList\",\"@id\":\"https:\/\/campings-vassiviere.com\/de\/datenschutzerklarung\/#breadcrumb\",\"itemListElement\":[{\"@type\":\"ListItem\",\"position\":1,\"name\":\"Ushua\u00efa villages La Presqu'\u00eele\",\"item\":\"http:\/\/campings-vassiviere.com\/de\/\"},{\"@type\":\"ListItem\",\"position\":2,\"name\":\"Datenschutzerkl\u00e4rung\"}]},{\"@type\":\"WebSite\",\"@id\":\"https:\/\/campings-vassiviere.com\/de\/#website\",\"url\":\"https:\/\/campings-vassiviere.com\/de\/\",\"name\":\"Camping Ushua\u00efa Villages La Presqu \u00eele - Site Officiel - Meilleur Prix Garanti\",\"description\":\"\",\"publisher\":{\"@id\":\"https:\/\/campings-vassiviere.com\/de\/#organization\"},\"potentialAction\":[{\"@type\":\"SearchAction\",\"target\":{\"@type\":\"EntryPoint\",\"urlTemplate\":\"https:\/\/campings-vassiviere.com\/de\/?s={search_term_string}\"},\"query-input\":{\"@type\":\"PropertyValueSpecification\",\"valueRequired\":true,\"valueName\":\"search_term_string\"}}],\"inLanguage\":\"de\"},{\"@type\":\"Organization\",\"@id\":\"https:\/\/campings-vassiviere.com\/de\/#organization\",\"name\":\"Ushua\u00efa Villages - Rive d'Olte et d'Aubrac\",\"url\":\"https:\/\/campings-vassiviere.com\/de\/\",\"logo\":{\"@type\":\"ImageObject\",\"inLanguage\":\"de\",\"@id\":\"https:\/\/campings-vassiviere.com\/de\/#\/schema\/logo\/image\/\",\"url\":\"https:\/\/campings-vassiviere.com\/wp-content\/uploads\/sites\/72\/2024\/02\/ushuaia-village-bleu-logo.png\",\"contentUrl\":\"https:\/\/campings-vassiviere.com\/wp-content\/uploads\/sites\/72\/2024\/02\/ushuaia-village-bleu-logo.png\",\"width\":2028,\"height\":994,\"caption\":\"Ushua\u00efa Villages - Rive d'Olte et d'Aubrac\"},\"image\":{\"@id\":\"https:\/\/campings-vassiviere.com\/de\/#\/schema\/logo\/image\/\"}}]}<\/script>\n<!-- \/ Yoast SEO plugin. -->","yoast_head_json":{"title":"Unsere Datenschutzerkl\u00e4rung - Camping Ushua\u00efa Villages La Presqu \u00eele - Site Officiel - Meilleur Prix Garanti","robots":{"index":"noindex","follow":"nofollow"},"og_locale":"de_DE","og_type":"article","og_title":"Unsere Datenschutzerkl\u00e4rung - Camping Ushua\u00efa Villages La Presqu \u00eele - Site Officiel - Meilleur Prix Garanti","og_description":"Diese Datenschutzrichtlinie beschreibt die pers\u00f6nlichen Daten, die gesammelt oder generiert (verarbeitet) werden, wenn Sie die Website nutzen. Diese Datenschutzrichtlinie beschreibt die Arten von pers\u00f6nlichen Daten, die gesammelt werden, wenn Sie unsere Website nutzen, und wie Ihre pers\u00f6nlichen Daten verwendet, weitergegeben und gesch\u00fctzt werden. Sie erkl\u00e4rt auch, welche Wahlm\u00f6glichkeiten Sie in Bezug auf Ihre pers\u00f6nlichen Daten [&hellip;]","og_url":"https:\/\/campings-vassiviere.com\/de\/datenschutzerklarung\/","og_site_name":"Camping Ushua\u00efa Villages La Presqu \u00eele - Site Officiel - Meilleur Prix Garanti","article_modified_time":"2024-06-11T10:24:40+00:00","og_image":[{"width":2048,"height":1152,"url":"http:\/\/campings-vassiviere.com\/wp-content\/uploads\/sites\/72\/2024\/05\/20150616_122432-scaled.jpg","type":"image\/jpeg"}],"twitter_card":"summary_large_image","twitter_misc":{"Gesch\u00e4tzte Lesezeit":"7\u00a0Minuten"},"schema":{"@context":"https:\/\/schema.org","@graph":[{"@type":"WebPage","@id":"https:\/\/campings-vassiviere.com\/de\/datenschutzerklarung\/","url":"https:\/\/campings-vassiviere.com\/de\/datenschutzerklarung\/","name":"Unsere Datenschutzerkl\u00e4rung - Camping Ushua\u00efa Villages La Presqu \u00eele - Site Officiel - Meilleur Prix Garanti","isPartOf":{"@id":"https:\/\/campings-vassiviere.com\/de\/#website"},"primaryImageOfPage":{"@id":"https:\/\/campings-vassiviere.com\/de\/datenschutzerklarung\/#primaryimage"},"image":{"@id":"https:\/\/campings-vassiviere.com\/de\/datenschutzerklarung\/#primaryimage"},"thumbnailUrl":"https:\/\/campings-vassiviere.com\/wp-content\/uploads\/sites\/72\/2024\/05\/20150616_122432-scaled.jpg","datePublished":"2023-12-28T09:30:53+00:00","dateModified":"2024-06-11T10:24:40+00:00","breadcrumb":{"@id":"https:\/\/campings-vassiviere.com\/de\/datenschutzerklarung\/#breadcrumb"},"inLanguage":"de","potentialAction":[{"@type":"ReadAction","target":["https:\/\/campings-vassiviere.com\/de\/datenschutzerklarung\/"]}]},{"@type":"ImageObject","inLanguage":"de","@id":"https:\/\/campings-vassiviere.com\/de\/datenschutzerklarung\/#primaryimage","url":"https:\/\/campings-vassiviere.com\/wp-content\/uploads\/sites\/72\/2024\/05\/20150616_122432-scaled.jpg","contentUrl":"https:\/\/campings-vassiviere.com\/wp-content\/uploads\/sites\/72\/2024\/05\/20150616_122432-scaled.jpg","width":2048,"height":1152},{"@type":"BreadcrumbList","@id":"https:\/\/campings-vassiviere.com\/de\/datenschutzerklarung\/#breadcrumb","itemListElement":[{"@type":"ListItem","position":1,"name":"Ushua\u00efa villages La Presqu'\u00eele","item":"http:\/\/campings-vassiviere.com\/de\/"},{"@type":"ListItem","position":2,"name":"Datenschutzerkl\u00e4rung"}]},{"@type":"WebSite","@id":"https:\/\/campings-vassiviere.com\/de\/#website","url":"https:\/\/campings-vassiviere.com\/de\/","name":"Camping Ushua\u00efa Villages La Presqu \u00eele - Site Officiel - Meilleur Prix Garanti","description":"","publisher":{"@id":"https:\/\/campings-vassiviere.com\/de\/#organization"},"potentialAction":[{"@type":"SearchAction","target":{"@type":"EntryPoint","urlTemplate":"https:\/\/campings-vassiviere.com\/de\/?s={search_term_string}"},"query-input":{"@type":"PropertyValueSpecification","valueRequired":true,"valueName":"search_term_string"}}],"inLanguage":"de"},{"@type":"Organization","@id":"https:\/\/campings-vassiviere.com\/de\/#organization","name":"Ushua\u00efa Villages - Rive d'Olte et d'Aubrac","url":"https:\/\/campings-vassiviere.com\/de\/","logo":{"@type":"ImageObject","inLanguage":"de","@id":"https:\/\/campings-vassiviere.com\/de\/#\/schema\/logo\/image\/","url":"https:\/\/campings-vassiviere.com\/wp-content\/uploads\/sites\/72\/2024\/02\/ushuaia-village-bleu-logo.png","contentUrl":"https:\/\/campings-vassiviere.com\/wp-content\/uploads\/sites\/72\/2024\/02\/ushuaia-village-bleu-logo.png","width":2028,"height":994,"caption":"Ushua\u00efa Villages - Rive d'Olte et d'Aubrac"},"image":{"@id":"https:\/\/campings-vassiviere.com\/de\/#\/schema\/logo\/image\/"}}]}},"_links":{"self":[{"href":"https:\/\/campings-vassiviere.com\/de\/wp-json\/wp\/v2\/pages\/10213","targetHints":{"allow":["GET"]}}],"collection":[{"href":"https:\/\/campings-vassiviere.com\/de\/wp-json\/wp\/v2\/pages"}],"about":[{"href":"https:\/\/campings-vassiviere.com\/de\/wp-json\/wp\/v2\/types\/page"}],"author":[{"embeddable":true,"href":"https:\/\/campings-vassiviere.com\/de\/wp-json\/wp\/v2\/users\/1"}],"replies":[{"embeddable":true,"href":"https:\/\/campings-vassiviere.com\/de\/wp-json\/wp\/v2\/comments?post=10213"}],"version-history":[{"count":1,"href":"https:\/\/campings-vassiviere.com\/de\/wp-json\/wp\/v2\/pages\/10213\/revisions"}],"predecessor-version":[{"id":10215,"href":"https:\/\/campings-vassiviere.com\/de\/wp-json\/wp\/v2\/pages\/10213\/revisions\/10215"}],"wp:featuredmedia":[{"embeddable":true,"href":"https:\/\/campings-vassiviere.com\/de\/wp-json\/wp\/v2\/media\/10214"}],"wp:attachment":[{"href":"https:\/\/campings-vassiviere.com\/de\/wp-json\/wp\/v2\/media?parent=10213"}],"curies":[{"name":"wp","href":"https:\/\/api.w.org\/{rel}","templated":true}]}}