{"id":10217,"date":"2023-12-28T10:29:49","date_gmt":"2023-12-28T09:29:49","guid":{"rendered":"https:\/\/campings-vassiviere.com\/infos-and-contacts\/"},"modified":"2024-06-11T12:20:21","modified_gmt":"2024-06-11T10:20:21","slug":"infos-and-contacts","status":"publish","type":"page","link":"https:\/\/campings-vassiviere.com\/en\/infos-and-contacts\/","title":{"rendered":"Info &amp; contacts"},"content":{"rendered":"\n<div class=\"wp-block-group has-global-padding is-layout-constrained wp-container-core-group-is-layout-8d880995 wp-block-group-is-layout-constrained\" style=\"padding-top:var(--wp--preset--spacing--50);padding-bottom:var(--wp--preset--spacing--70)\">\n<div class=\"wp-block-columns gt-reversed-mobile is-layout-flex wp-container-core-columns-is-layout-28f84493 wp-block-columns-is-layout-flex\">\n<div class=\"wp-block-column is-layout-flow wp-block-column-is-layout-flow\" style=\"flex-basis:33.33%\">\n<div class=\"wp-block-group has-custom-bleu-fonc-color has-text-color has-link-color has-x-large-font-size wp-elements-1c33cfbd2016fc933442334cc84bc489 is-layout-flex wp-container-core-group-is-layout-a3a559bc wp-block-group-is-layout-flex\">\n<p class=\"has-bebas-neue-font-family has-x-large-font-size\" style=\"margin-top:0;margin-right:var(--wp--preset--spacing--40);margin-bottom:0\">Contact us<\/p>\n\n\n\n<p class=\"has-bebas-neue-font-family has-x-large-font-size\" style=\"margin-top:0;margin-right:var(--wp--preset--spacing--40);margin-bottom:0\">at camping La<\/p>\n\n\n\n<p class=\"is-style-gt-short-background has-custom-blanc-color has-text-color has-link-color has-bebas-neue-font-family has-x-large-font-size wp-elements-0e755a8b54f68cef02fcd0af1873082b\" style=\"margin-top:0;margin-right:var(--wp--preset--spacing--40);margin-bottom:0\">Presqu&#8217;\u00eele&#8230;<\/p>\n<\/div>\n\n\n\n<hr class=\"wp-block-separator has-alpha-channel-opacity\"\/>\n\n\n<\/div>\n\n\n\n<div class=\"wp-block-column is-vertically-aligned-center gt-reversed-mobile is-layout-flow wp-block-column-is-layout-flow\" style=\"flex-basis:66.66%\">\n<h2 class=\"wp-block-heading has-text-align-center\">Contact and access  <\/h2>\n\n\n\n<p>Are you planning an unforgettable holiday in the Creuse? Do you have any questions before booking your stay?  <\/p>\n\n\n\n<p>You can reach us easily via our <strong>contact form<\/strong>, by telephone on <strong>+33 (0<\/strong>)<strong>5 55 64 78 98<\/strong> or by e-mail :<strong> <\/strong><strong>lapresquile.camping@gmail.com.<\/strong> Our team will be delighted to assist you and ensure that your stay with us is everything you imagined and more.<\/p>\n\n\n\n<p>Our Ushua\u00efa Villages <a href=\"https:\/\/campings-vassiviere.com\/en\/\">La Presqu&#8217;\u00eele<\/a> campsite is ideally located at the following address: <strong>Ushua\u00efa Villages La Presqu&#8217;\u00eele, Broussas, 23460 Royere-de-Vassiviere<\/strong>. <\/p>\n\n\n\n<p>GPS coordinates: <strong>Latitude 45.797134546616356 \/ Longitude 1.8989207699059913<\/strong><\/p>\n\n\n\n<ul class=\"wp-block-list\">\n<li><strong>From Paris :<\/strong><\/li>\n<\/ul>\n\n\n\n<p>Take the A6 freeway towards Clermont-Ferrand (A71), then continue on the A75 towards Montpellier &#8211; Issoire. Follow this freeway until you reach the Roy\u00e8re-de-Vassivi\u00e8re exit.<\/p>\n\n\n\n<ul class=\"wp-block-list\">\n<li><strong>From Lyon :<\/strong><\/li>\n<\/ul>\n\n\n\n<p>Head for Saint-\u00c9tienne, then Clermont-Ferrand. Then take the A75 towards Montpellier &#8211; Issoire. Take exit n\u00b06 towards Plauzat and Champeix, in the direction of Besse and Le Mont Dore. Continue on to Roy\u00e8re-de-Vassivi\u00e8re.<\/p>\n\n\n\n<p>We look forward to welcoming you to our region and helping you discover all its wonders.<\/p>\n\n\n\n<div class=\"wp-block-group has-global-padding is-layout-constrained wp-block-group-is-layout-constrained\">\n<div class=\"wp-block-contact-form-7-contact-form-selector formulaire-contact\">\n<div class=\"wpcf7 no-js\" id=\"wpcf7-f10210-o1\" lang=\"en-US\" dir=\"ltr\" data-wpcf7-id=\"10210\">\n<div class=\"screen-reader-response\"><p role=\"status\" aria-live=\"polite\" aria-atomic=\"true\"><\/p> <ul><\/ul><\/div>\n<form action=\"\/en\/wp-json\/wp\/v2\/pages\/10217#wpcf7-f10210-o1\" method=\"post\" class=\"wpcf7-form init\" aria-label=\"Contact form\" novalidate=\"novalidate\" data-status=\"init\">\n<div style=\"display: none;\">\n<input type=\"hidden\" name=\"_wpcf7\" value=\"10210\" \/>\n<input type=\"hidden\" name=\"_wpcf7_version\" value=\"6.0.6\" \/>\n<input type=\"hidden\" name=\"_wpcf7_locale\" value=\"en_US\" \/>\n<input type=\"hidden\" name=\"_wpcf7_unit_tag\" value=\"wpcf7-f10210-o1\" \/>\n<input type=\"hidden\" name=\"_wpcf7_container_post\" value=\"0\" \/>\n<input type=\"hidden\" name=\"_wpcf7_posted_data_hash\" value=\"\" \/>\n<input type=\"hidden\" name=\"_wpcf7_recaptcha_response\" value=\"\" \/>\n<\/div>\n<p><label> Your name<br \/>\n<span class=\"wpcf7-form-control-wrap\" data-name=\"your-name\"><input size=\"40\" maxlength=\"400\" class=\"wpcf7-form-control wpcf7-text wpcf7-validates-as-required\" autocomplete=\"name\" aria-required=\"true\" aria-invalid=\"false\" value=\"\" type=\"text\" name=\"your-name\" \/><\/span> <\/label>\n<\/p>\n<p><label> Your e-mail<br \/>\n<span class=\"wpcf7-form-control-wrap\" data-name=\"your-email\"><input size=\"40\" maxlength=\"400\" class=\"wpcf7-form-control wpcf7-email wpcf7-validates-as-required wpcf7-text wpcf7-validates-as-email\" autocomplete=\"email\" aria-required=\"true\" aria-invalid=\"false\" value=\"\" type=\"email\" name=\"your-email\" \/><\/span> <\/label>\n<\/p>\n<p><label> Object<br \/>\n<span class=\"wpcf7-form-control-wrap\" data-name=\"your-subject\"><input size=\"40\" maxlength=\"400\" class=\"wpcf7-form-control wpcf7-text wpcf7-validates-as-required\" aria-required=\"true\" aria-invalid=\"false\" value=\"\" type=\"text\" name=\"your-subject\" \/><\/span> <\/label>\n<\/p>\n<p><label> Your message<br \/>\n<span class=\"wpcf7-form-control-wrap\" data-name=\"your-message\"><textarea cols=\"40\" rows=\"10\" maxlength=\"2000\" class=\"wpcf7-form-control wpcf7-textarea\" aria-invalid=\"false\" name=\"your-message\"><\/textarea><\/span> <\/label>\n<\/p>\n<p><span class=\"wpcf7-form-control-wrap\" data-name=\"acceptance-553\"><span class=\"wpcf7-form-control wpcf7-acceptance\"><span class=\"wpcf7-list-item\"><label><input type=\"checkbox\" name=\"acceptance-553\" value=\"1\" aria-invalid=\"false\" \/><span class=\"wpcf7-list-item-label\">By checking this box, I accept the <a href=\"\/en\/privacy-policy\/\" rel=\"nofollow\" target=\"_blank\">Privacy Policy<\/a> of this site.<\/span><\/label><\/span><\/span><\/span>\n<\/p>\n<p><input class=\"wpcf7-form-control wpcf7-submit has-spinner\" type=\"submit\" value=\"Send\" \/>\n<\/p><div class=\"wpcf7-response-output\" aria-hidden=\"true\"><\/div>\n<\/form>\n<\/div>\n<\/div>\n<\/div>\n<\/div>\n<\/div>\n<\/div>\n\n<div class=\"wp-block-group has-global-padding is-layout-constrained wp-block-group-is-layout-constrained\" style=\"padding-top:var(--wp--preset--spacing--70);padding-bottom:var(--wp--preset--spacing--70)\">\n<p class=\"has-text-align-center has-large-font-size\">Discover the area around the campsite, our rentals and pitches<\/p>\n\n\n\r\n<div \r\n     \r\n    class=\"gt-maillage-block\" \r\n    style=\"\"\r\n    data-row=\"3\"\r\n>\r\n\r\n    \r\n                \r\n        <article \r\n    class=\"align gt-cta gt-cta--page\"    style=\"\"\r\n>\r\n    <a href=\"https:\/\/campings-vassiviere.com\/en\/tourism-camping-rives-olt-et-aubrac\/\" title=\"The surrounding area of camping La presqu&#8217;\u00eele\" class=\"gt-cta__link\">\r\n        <div \r\n            class=\"gt-cta__thumb\"\r\n            style=\"aspect-ratio:1\/1\"\r\n        >\r\n                            <img decoding=\"async\" width=\"800\" height=\"533\" src=\"https:\/\/campings-vassiviere.com\/wp-content\/uploads\/sites\/72\/2024\/02\/vers_le_puy_de_la_tache_c_pierre_soissons.jpg.webp\" class=\"attachment-full size-full wp-post-image\" alt=\"\" srcset=\"https:\/\/campings-vassiviere.com\/wp-content\/uploads\/sites\/72\/2024\/02\/vers_le_puy_de_la_tache_c_pierre_soissons.jpg.webp 800w, https:\/\/campings-vassiviere.com\/wp-content\/uploads\/sites\/72\/2024\/02\/vers_le_puy_de_la_tache_c_pierre_soissons.jpg-300x200.webp 300w, https:\/\/campings-vassiviere.com\/wp-content\/uploads\/sites\/72\/2024\/02\/vers_le_puy_de_la_tache_c_pierre_soissons.jpg-768x512.webp 768w\" sizes=\"(max-width: 800px) 100vw, 800px\" \/>                    <\/div>\r\n        <div class=\"gt-cta__content\">\r\n                            <div class=\"gt-cta__btn\">Discover<\/div>\r\n                        <div class=\"gt-cta__title\">\r\n                The surrounding area of camping La presqu&#8217;\u00eele            <\/div>\r\n                    <\/div>\r\n    <\/a>\r\n<\/article>\r\n    \r\n        <article \r\n    class=\"align gt-cta gt-cta--page\"    style=\"\"\r\n>\r\n    <a href=\"https:\/\/campings-vassiviere.com\/en\/our-rentals\/\" title=\"Our rentals\" class=\"gt-cta__link\">\r\n        <div \r\n            class=\"gt-cta__thumb\"\r\n            style=\"aspect-ratio:1\/1\"\r\n        >\r\n                            <img decoding=\"async\" width=\"500\" height=\"375\" src=\"https:\/\/campings-vassiviere.com\/wp-content\/uploads\/sites\/72\/2024\/05\/image-4-2.jpg\" class=\"attachment-full size-full not-transparent wp-post-image\" alt=\"\" srcset=\"https:\/\/campings-vassiviere.com\/wp-content\/uploads\/sites\/72\/2024\/05\/image-4-2.jpg 500w, https:\/\/campings-vassiviere.com\/wp-content\/uploads\/sites\/72\/2024\/05\/image-4-2-300x225.jpg 300w\" sizes=\"(max-width: 500px) 100vw, 500px\" data-has-transparency=\"false\" data-dominant-color=\"687164\" style=\"--dominant-color: #687164;\" \/>                    <\/div>\r\n        <div class=\"gt-cta__content\">\r\n                            <div class=\"gt-cta__btn\">Discover<\/div>\r\n                        <div class=\"gt-cta__title\">\r\n                Our rentals            <\/div>\r\n                    <\/div>\r\n    <\/a>\r\n<\/article>\r\n    \r\n        <article \r\n    class=\"align gt-cta gt-cta--page\"    style=\"\"\r\n>\r\n    <a href=\"https:\/\/campings-vassiviere.com\/en\/our-locations\/\" title=\"Our locations\" class=\"gt-cta__link\">\r\n        <div \r\n            class=\"gt-cta__thumb\"\r\n            style=\"aspect-ratio:1\/1\"\r\n        >\r\n                                            <img decoding=\"async\" width=\"2048\" height=\"1365\" src=\"https:\/\/campings-vassiviere.com\/wp-content\/uploads\/sites\/72\/2025\/02\/La-presqu-ile-18092024-33_0-scaled.jpg\" class=\"attachment-full size-full not-transparent\" alt=\"\" srcset=\"https:\/\/campings-vassiviere.com\/wp-content\/uploads\/sites\/72\/2025\/02\/La-presqu-ile-18092024-33_0-scaled.jpg 2048w, https:\/\/campings-vassiviere.com\/wp-content\/uploads\/sites\/72\/2025\/02\/La-presqu-ile-18092024-33_0-300x200.jpg 300w, https:\/\/campings-vassiviere.com\/wp-content\/uploads\/sites\/72\/2025\/02\/La-presqu-ile-18092024-33_0-1024x683.jpg 1024w, https:\/\/campings-vassiviere.com\/wp-content\/uploads\/sites\/72\/2025\/02\/La-presqu-ile-18092024-33_0-768x512.jpg 768w, https:\/\/campings-vassiviere.com\/wp-content\/uploads\/sites\/72\/2025\/02\/La-presqu-ile-18092024-33_0-1536x1024.jpg 1536w\" sizes=\"(max-width: 2048px) 100vw, 2048px\" data-has-transparency=\"false\" data-dominant-color=\"7b7659\" style=\"--dominant-color: #7b7659;\" \/>                    <\/div>\r\n        <div class=\"gt-cta__content\">\r\n                            <div class=\"gt-cta__btn\">Discover<\/div>\r\n                        <div class=\"gt-cta__title\">\r\n                Our locations            <\/div>\r\n                    <\/div>\r\n    <\/a>\r\n<\/article>\r\n                \r\n<\/div><\/div>\n","protected":false},"excerpt":{"rendered":"<p>Contact us at camping La Presqu&#8217;\u00eele&#8230; Contact and access Are you planning an unforgettable holiday in the Creuse? Do you have any questions before booking your stay? You can reach us easily via our contact form, by telephone on +33 (0)5 55 64 78 98 or by e-mail : lapresquile.camping@gmail.com. Our team will be delighted [&hellip;]<\/p>\n","protected":false},"author":1,"featured_media":10218,"parent":0,"menu_order":20,"comment_status":"closed","ping_status":"closed","template":"","meta":{"_acf_changed":false,"footnotes":""},"class_list":["post-10217","page","type-page","status-publish","has-post-thumbnail","hentry"],"acf":[],"yoast_head":"<!-- This site is optimized with the Yoast SEO plugin v24.8.1 - https:\/\/yoast.com\/wordpress\/plugins\/seo\/ -->\n<title>Info &amp; contacts - Ushua\u00efa Villages La Presqu&#039;\u00cele<\/title>\n<meta name=\"description\" content=\"Contact us if you have any questions, and find out how to get to La Presqu&#039;\u00cele campsite.\" \/>\n<meta name=\"robots\" content=\"index, follow, max-snippet:-1, max-image-preview:large, max-video-preview:-1\" \/>\n<link rel=\"canonical\" href=\"https:\/\/campings-vassiviere.com\/en\/infos-and-contacts\/\" \/>\n<meta property=\"og:locale\" content=\"en_US\" \/>\n<meta property=\"og:type\" content=\"article\" \/>\n<meta property=\"og:title\" content=\"Info &amp; contacts - Ushua\u00efa Villages La Presqu&#039;\u00cele\" \/>\n<meta property=\"og:description\" content=\"Contact us if you have any questions, and find out how to get to La Presqu&#039;\u00cele campsite.\" \/>\n<meta property=\"og:url\" content=\"https:\/\/campings-vassiviere.com\/en\/infos-and-contacts\/\" \/>\n<meta property=\"og:site_name\" content=\"Camping Ushua\u00efa Villages La Presqu \u00eele - Site Officiel - Meilleur Prix Garanti\" \/>\n<meta property=\"article:modified_time\" content=\"2024-06-11T10:20:21+00:00\" \/>\n<meta property=\"og:image\" content=\"https:\/\/campings-vassiviere.com\/wp-content\/uploads\/sites\/72\/2024\/04\/IMG-20240416-WA0038.jpg\" \/>\n\t<meta property=\"og:image:width\" content=\"1600\" \/>\n\t<meta property=\"og:image:height\" content=\"1200\" \/>\n\t<meta property=\"og:image:type\" content=\"image\/jpeg\" \/>\n<meta name=\"twitter:card\" content=\"summary_large_image\" \/>\n<meta name=\"twitter:label1\" content=\"Est. reading time\" \/>\n\t<meta name=\"twitter:data1\" content=\"1 minute\" \/>\n<script type=\"application\/ld+json\" class=\"yoast-schema-graph\">{\"@context\":\"https:\/\/schema.org\",\"@graph\":[{\"@type\":\"WebPage\",\"@id\":\"https:\/\/campings-vassiviere.com\/en\/infos-and-contacts\/\",\"url\":\"https:\/\/campings-vassiviere.com\/en\/infos-and-contacts\/\",\"name\":\"Info &amp; contacts - Ushua\u00efa Villages La Presqu'\u00cele\",\"isPartOf\":{\"@id\":\"https:\/\/campings-vassiviere.com\/en\/#website\"},\"primaryImageOfPage\":{\"@id\":\"https:\/\/campings-vassiviere.com\/en\/infos-and-contacts\/#primaryimage\"},\"image\":{\"@id\":\"https:\/\/campings-vassiviere.com\/en\/infos-and-contacts\/#primaryimage\"},\"thumbnailUrl\":\"https:\/\/campings-vassiviere.com\/wp-content\/uploads\/sites\/72\/2024\/04\/IMG-20240416-WA0038.jpg\",\"datePublished\":\"2023-12-28T09:29:49+00:00\",\"dateModified\":\"2024-06-11T10:20:21+00:00\",\"description\":\"Contact us if you have any questions, and find out how to get to La Presqu'\u00cele campsite.\",\"breadcrumb\":{\"@id\":\"https:\/\/campings-vassiviere.com\/en\/infos-and-contacts\/#breadcrumb\"},\"inLanguage\":\"en-US\",\"potentialAction\":[{\"@type\":\"ReadAction\",\"target\":[\"https:\/\/campings-vassiviere.com\/en\/infos-and-contacts\/\"]}]},{\"@type\":\"ImageObject\",\"inLanguage\":\"en-US\",\"@id\":\"https:\/\/campings-vassiviere.com\/en\/infos-and-contacts\/#primaryimage\",\"url\":\"https:\/\/campings-vassiviere.com\/wp-content\/uploads\/sites\/72\/2024\/04\/IMG-20240416-WA0038.jpg\",\"contentUrl\":\"https:\/\/campings-vassiviere.com\/wp-content\/uploads\/sites\/72\/2024\/04\/IMG-20240416-WA0038.jpg\",\"width\":1600,\"height\":1200},{\"@type\":\"BreadcrumbList\",\"@id\":\"https:\/\/campings-vassiviere.com\/en\/infos-and-contacts\/#breadcrumb\",\"itemListElement\":[{\"@type\":\"ListItem\",\"position\":1,\"name\":\"Ushua\u00efa villages La Presqu'\u00eele\",\"item\":\"https:\/\/campings-vassiviere.com\/en\/\"},{\"@type\":\"ListItem\",\"position\":2,\"name\":\"Info &amp; contacts\"}]},{\"@type\":\"WebSite\",\"@id\":\"https:\/\/campings-vassiviere.com\/en\/#website\",\"url\":\"https:\/\/campings-vassiviere.com\/en\/\",\"name\":\"Camping Ushua\u00efa Villages La Presqu \u00eele - Site Officiel - Meilleur Prix Garanti\",\"description\":\"\",\"publisher\":{\"@id\":\"https:\/\/campings-vassiviere.com\/en\/#organization\"},\"potentialAction\":[{\"@type\":\"SearchAction\",\"target\":{\"@type\":\"EntryPoint\",\"urlTemplate\":\"https:\/\/campings-vassiviere.com\/en\/?s={search_term_string}\"},\"query-input\":{\"@type\":\"PropertyValueSpecification\",\"valueRequired\":true,\"valueName\":\"search_term_string\"}}],\"inLanguage\":\"en-US\"},{\"@type\":\"Organization\",\"@id\":\"https:\/\/campings-vassiviere.com\/en\/#organization\",\"name\":\"Ushua\u00efa Villages - Rive d'Olte et d'Aubrac\",\"url\":\"https:\/\/campings-vassiviere.com\/en\/\",\"logo\":{\"@type\":\"ImageObject\",\"inLanguage\":\"en-US\",\"@id\":\"https:\/\/campings-vassiviere.com\/en\/#\/schema\/logo\/image\/\",\"url\":\"https:\/\/campings-vassiviere.com\/wp-content\/uploads\/sites\/72\/2024\/02\/ushuaia-village-bleu-logo.png\",\"contentUrl\":\"https:\/\/campings-vassiviere.com\/wp-content\/uploads\/sites\/72\/2024\/02\/ushuaia-village-bleu-logo.png\",\"width\":2028,\"height\":994,\"caption\":\"Ushua\u00efa Villages - Rive d'Olte et d'Aubrac\"},\"image\":{\"@id\":\"https:\/\/campings-vassiviere.com\/en\/#\/schema\/logo\/image\/\"}}]}<\/script>\n<!-- \/ Yoast SEO plugin. -->","yoast_head_json":{"title":"Info &amp; contacts - Ushua\u00efa Villages La Presqu'\u00cele","description":"Contact us if you have any questions, and find out how to get to La Presqu'\u00cele campsite.","robots":{"index":"index","follow":"follow","max-snippet":"max-snippet:-1","max-image-preview":"max-image-preview:large","max-video-preview":"max-video-preview:-1"},"canonical":"https:\/\/campings-vassiviere.com\/en\/infos-and-contacts\/","og_locale":"en_US","og_type":"article","og_title":"Info &amp; contacts - Ushua\u00efa Villages La Presqu'\u00cele","og_description":"Contact us if you have any questions, and find out how to get to La Presqu'\u00cele campsite.","og_url":"https:\/\/campings-vassiviere.com\/en\/infos-and-contacts\/","og_site_name":"Camping Ushua\u00efa Villages La Presqu \u00eele - Site Officiel - Meilleur Prix Garanti","article_modified_time":"2024-06-11T10:20:21+00:00","og_image":[{"width":1600,"height":1200,"url":"https:\/\/campings-vassiviere.com\/wp-content\/uploads\/sites\/72\/2024\/04\/IMG-20240416-WA0038.jpg","type":"image\/jpeg"}],"twitter_card":"summary_large_image","twitter_misc":{"Est. reading time":"1 minute"},"schema":{"@context":"https:\/\/schema.org","@graph":[{"@type":"WebPage","@id":"https:\/\/campings-vassiviere.com\/en\/infos-and-contacts\/","url":"https:\/\/campings-vassiviere.com\/en\/infos-and-contacts\/","name":"Info &amp; contacts - Ushua\u00efa Villages La Presqu'\u00cele","isPartOf":{"@id":"https:\/\/campings-vassiviere.com\/en\/#website"},"primaryImageOfPage":{"@id":"https:\/\/campings-vassiviere.com\/en\/infos-and-contacts\/#primaryimage"},"image":{"@id":"https:\/\/campings-vassiviere.com\/en\/infos-and-contacts\/#primaryimage"},"thumbnailUrl":"https:\/\/campings-vassiviere.com\/wp-content\/uploads\/sites\/72\/2024\/04\/IMG-20240416-WA0038.jpg","datePublished":"2023-12-28T09:29:49+00:00","dateModified":"2024-06-11T10:20:21+00:00","description":"Contact us if you have any questions, and find out how to get to La Presqu'\u00cele campsite.","breadcrumb":{"@id":"https:\/\/campings-vassiviere.com\/en\/infos-and-contacts\/#breadcrumb"},"inLanguage":"en-US","potentialAction":[{"@type":"ReadAction","target":["https:\/\/campings-vassiviere.com\/en\/infos-and-contacts\/"]}]},{"@type":"ImageObject","inLanguage":"en-US","@id":"https:\/\/campings-vassiviere.com\/en\/infos-and-contacts\/#primaryimage","url":"https:\/\/campings-vassiviere.com\/wp-content\/uploads\/sites\/72\/2024\/04\/IMG-20240416-WA0038.jpg","contentUrl":"https:\/\/campings-vassiviere.com\/wp-content\/uploads\/sites\/72\/2024\/04\/IMG-20240416-WA0038.jpg","width":1600,"height":1200},{"@type":"BreadcrumbList","@id":"https:\/\/campings-vassiviere.com\/en\/infos-and-contacts\/#breadcrumb","itemListElement":[{"@type":"ListItem","position":1,"name":"Ushua\u00efa villages La Presqu'\u00eele","item":"https:\/\/campings-vassiviere.com\/en\/"},{"@type":"ListItem","position":2,"name":"Info &amp; contacts"}]},{"@type":"WebSite","@id":"https:\/\/campings-vassiviere.com\/en\/#website","url":"https:\/\/campings-vassiviere.com\/en\/","name":"Camping Ushua\u00efa Villages La Presqu \u00eele - Site Officiel - Meilleur Prix Garanti","description":"","publisher":{"@id":"https:\/\/campings-vassiviere.com\/en\/#organization"},"potentialAction":[{"@type":"SearchAction","target":{"@type":"EntryPoint","urlTemplate":"https:\/\/campings-vassiviere.com\/en\/?s={search_term_string}"},"query-input":{"@type":"PropertyValueSpecification","valueRequired":true,"valueName":"search_term_string"}}],"inLanguage":"en-US"},{"@type":"Organization","@id":"https:\/\/campings-vassiviere.com\/en\/#organization","name":"Ushua\u00efa Villages - Rive d'Olte et d'Aubrac","url":"https:\/\/campings-vassiviere.com\/en\/","logo":{"@type":"ImageObject","inLanguage":"en-US","@id":"https:\/\/campings-vassiviere.com\/en\/#\/schema\/logo\/image\/","url":"https:\/\/campings-vassiviere.com\/wp-content\/uploads\/sites\/72\/2024\/02\/ushuaia-village-bleu-logo.png","contentUrl":"https:\/\/campings-vassiviere.com\/wp-content\/uploads\/sites\/72\/2024\/02\/ushuaia-village-bleu-logo.png","width":2028,"height":994,"caption":"Ushua\u00efa Villages - Rive d'Olte et d'Aubrac"},"image":{"@id":"https:\/\/campings-vassiviere.com\/en\/#\/schema\/logo\/image\/"}}]}},"_links":{"self":[{"href":"https:\/\/campings-vassiviere.com\/en\/wp-json\/wp\/v2\/pages\/10217","targetHints":{"allow":["GET"]}}],"collection":[{"href":"https:\/\/campings-vassiviere.com\/en\/wp-json\/wp\/v2\/pages"}],"about":[{"href":"https:\/\/campings-vassiviere.com\/en\/wp-json\/wp\/v2\/types\/page"}],"author":[{"embeddable":true,"href":"https:\/\/campings-vassiviere.com\/en\/wp-json\/wp\/v2\/users\/1"}],"replies":[{"embeddable":true,"href":"https:\/\/campings-vassiviere.com\/en\/wp-json\/wp\/v2\/comments?post=10217"}],"version-history":[{"count":3,"href":"https:\/\/campings-vassiviere.com\/en\/wp-json\/wp\/v2\/pages\/10217\/revisions"}],"predecessor-version":[{"id":10222,"href":"https:\/\/campings-vassiviere.com\/en\/wp-json\/wp\/v2\/pages\/10217\/revisions\/10222"}],"wp:featuredmedia":[{"embeddable":true,"href":"https:\/\/campings-vassiviere.com\/en\/wp-json\/wp\/v2\/media\/10218"}],"wp:attachment":[{"href":"https:\/\/campings-vassiviere.com\/en\/wp-json\/wp\/v2\/media?parent=10217"}],"curies":[{"name":"wp","href":"https:\/\/api.w.org\/{rel}","templated":true}]}}